{"id":1638,"date":"2022-01-29T11:21:04","date_gmt":"2022-01-29T08:21:04","guid":{"rendered":"https:\/\/turanammo.com\/tr\/?page_id=1638"},"modified":"2022-03-29T14:43:17","modified_gmt":"2022-03-29T11:43:17","slug":"sertifikalar","status":"publish","type":"page","link":"https:\/\/turanammo.com\/tr\/sertifikalar\/","title":{"rendered":"Sertifikalar"},"content":{"rendered":"<p>Sertifikalar<\/p>\n<p><img loading=\"lazy\" decoding=\"async\" class=\"size-medium wp-image-2087\" src=\"http:\/\/turanammo.com\/tr\/wp-content\/uploads\/2022\/03\/sertifika2-216x300.jpeg\" alt=\"turan-ammo-sertifikalar\" width=\"216\" height=\"300\" srcset=\"https:\/\/turanammo.com\/tr\/wp-content\/uploads\/2022\/03\/sertifika2-216x300.jpeg 216w, https:\/\/turanammo.com\/tr\/wp-content\/uploads\/2022\/03\/sertifika2-737x1024.jpeg 737w, https:\/\/turanammo.com\/tr\/wp-content\/uploads\/2022\/03\/sertifika2-768x1067.jpeg 768w, https:\/\/turanammo.com\/tr\/wp-content\/uploads\/2022\/03\/sertifika2-1106x1536.jpeg 1106w, https:\/\/turanammo.com\/tr\/wp-content\/uploads\/2022\/03\/sertifika2-76x105.jpeg 76w, https:\/\/turanammo.com\/tr\/wp-content\/uploads\/2022\/03\/sertifika2.jpeg 1152w\" sizes=\"auto, (max-width: 216px) 100vw, 216px\" \/><\/p>\n<p><a href=\"https:\/\/turanammo.com\/tr\/\">Turan Ammunition<\/a> firmas\u0131n\u0131n sahip oldu\u011fu belgeler ve <a href=\"https:\/\/turanammo.com\/tr\/sertifikalar\/\">sertifikalar<\/a> \u015funlard\u0131:<\/p>\n<p>-Kalite Y\u00f6netim Sistemi Belgesi<\/p>\n<p>-ISO 9001:2015 <a href=\"https:\/\/www.multiyazilim.com\/\">Sertifikas\u0131\u00a0<\/a><\/p>\n","protected":false},"excerpt":{"rendered":"<p>Sertifikalar Turan Ammunition firmas\u0131n\u0131n sahip oldu\u011fu belgeler ve sertifikalar \u015funlard\u0131: -Kalite Y\u00f6netim Sistemi Belgesi -ISO 9001:2015 Sertifikas\u0131\u00a0<\/p>\n","protected":false},"author":1,"featured_media":0,"parent":0,"menu_order":0,"comment_status":"closed","ping_status":"closed","template":"","meta":{"_acf_changed":false,"footnotes":""},"class_list":["post-1638","page","type-page","status-publish","hentry"],"acf":[],"yoast_head":"<!-- This site is optimized with the Yoast SEO plugin v27.1.1 - https:\/\/yoast.com\/product\/yoast-seo-wordpress\/ -->\n<title>Sertifikalar - Turan Ammo<\/title>\n<meta name=\"description\" content=\"Turan Ammunition firmas\u0131n\u0131n sahip oldu\u011fu belgeler ve sertifikalar \u015funlard\u0131:-Kalite Y\u00f6netim Sistemi Belgesi-ISO 9001:2015 Sertifikas\u0131...\u00a0\" \/>\n<meta name=\"robots\" content=\"index, follow, max-snippet:-1, max-image-preview:large, max-video-preview:-1\" \/>\n<link rel=\"canonical\" href=\"https:\/\/turanammo.com\/tr\/sertifikalar\/\" \/>\n<meta property=\"og:locale\" content=\"tr_TR\" \/>\n<meta property=\"og:type\" content=\"article\" \/>\n<meta property=\"og:title\" content=\"Sertifikalar - Turan Ammo\" \/>\n<meta property=\"og:description\" content=\"Turan Ammunition firmas\u0131n\u0131n sahip oldu\u011fu belgeler ve sertifikalar \u015funlard\u0131:-Kalite Y\u00f6netim Sistemi Belgesi-ISO 9001:2015 Sertifikas\u0131...\u00a0\" \/>\n<meta property=\"og:url\" content=\"https:\/\/turanammo.com\/tr\/sertifikalar\/\" \/>\n<meta property=\"og:site_name\" content=\"Turan Ammo\" \/>\n<meta property=\"article:publisher\" content=\"https:\/\/www.facebook.com\/turan.ammoo\" \/>\n<meta property=\"article:modified_time\" content=\"2022-03-29T11:43:17+00:00\" \/>\n<meta property=\"og:image\" content=\"http:\/\/turanammo.com\/tr\/wp-content\/uploads\/2022\/03\/sertifika2-216x300.jpeg\" \/>\n<meta name=\"twitter:card\" content=\"summary_large_image\" \/>\n<meta name=\"twitter:label1\" content=\"Tahmini okuma s\u00fcresi\" \/>\n\t<meta name=\"twitter:data1\" content=\"1 dakika\" \/>\n<script type=\"application\/ld+json\" class=\"yoast-schema-graph\">{\"@context\":\"https:\/\/schema.org\",\"@graph\":[{\"@type\":\"WebPage\",\"@id\":\"https:\/\/turanammo.com\/tr\/sertifikalar\/\",\"url\":\"https:\/\/turanammo.com\/tr\/sertifikalar\/\",\"name\":\"Sertifikalar - Turan Ammo\",\"isPartOf\":{\"@id\":\"https:\/\/turanammo.com\/tr\/#website\"},\"primaryImageOfPage\":{\"@id\":\"https:\/\/turanammo.com\/tr\/sertifikalar\/#primaryimage\"},\"image\":{\"@id\":\"https:\/\/turanammo.com\/tr\/sertifikalar\/#primaryimage\"},\"thumbnailUrl\":\"http:\/\/turanammo.com\/tr\/wp-content\/uploads\/2022\/03\/sertifika2-216x300.jpeg\",\"datePublished\":\"2022-01-29T08:21:04+00:00\",\"dateModified\":\"2022-03-29T11:43:17+00:00\",\"description\":\"Turan Ammunition firmas\u0131n\u0131n sahip oldu\u011fu belgeler ve sertifikalar \u015funlard\u0131:-Kalite Y\u00f6netim Sistemi Belgesi-ISO 9001:2015 Sertifikas\u0131...\u00a0\",\"breadcrumb\":{\"@id\":\"https:\/\/turanammo.com\/tr\/sertifikalar\/#breadcrumb\"},\"inLanguage\":\"tr\",\"potentialAction\":[{\"@type\":\"ReadAction\",\"target\":[\"https:\/\/turanammo.com\/tr\/sertifikalar\/\"]}]},{\"@type\":\"ImageObject\",\"inLanguage\":\"tr\",\"@id\":\"https:\/\/turanammo.com\/tr\/sertifikalar\/#primaryimage\",\"url\":\"http:\/\/turanammo.com\/tr\/wp-content\/uploads\/2022\/03\/sertifika2-216x300.jpeg\",\"contentUrl\":\"http:\/\/turanammo.com\/tr\/wp-content\/uploads\/2022\/03\/sertifika2-216x300.jpeg\"},{\"@type\":\"BreadcrumbList\",\"@id\":\"https:\/\/turanammo.com\/tr\/sertifikalar\/#breadcrumb\",\"itemListElement\":[{\"@type\":\"ListItem\",\"position\":1,\"name\":\"Anasayfa\",\"item\":\"https:\/\/turanammo.com\/tr\/\"},{\"@type\":\"ListItem\",\"position\":2,\"name\":\"Sertifikalar\"}]},{\"@type\":\"WebSite\",\"@id\":\"https:\/\/turanammo.com\/tr\/#website\",\"url\":\"https:\/\/turanammo.com\/tr\/\",\"name\":\"Turan Ammo\",\"description\":\"\",\"publisher\":{\"@id\":\"https:\/\/turanammo.com\/tr\/#organization\"},\"potentialAction\":[{\"@type\":\"SearchAction\",\"target\":{\"@type\":\"EntryPoint\",\"urlTemplate\":\"https:\/\/turanammo.com\/tr\/?s={search_term_string}\"},\"query-input\":{\"@type\":\"PropertyValueSpecification\",\"valueRequired\":true,\"valueName\":\"search_term_string\"}}],\"inLanguage\":\"tr\"},{\"@type\":\"Organization\",\"@id\":\"https:\/\/turanammo.com\/tr\/#organization\",\"name\":\"Turan Ammunition\",\"url\":\"https:\/\/turanammo.com\/tr\/\",\"logo\":{\"@type\":\"ImageObject\",\"inLanguage\":\"tr\",\"@id\":\"https:\/\/turanammo.com\/tr\/#\/schema\/logo\/image\/\",\"url\":\"https:\/\/turanammo.com\/tr\/wp-content\/uploads\/2022\/01\/cropped-favi.png\",\"contentUrl\":\"https:\/\/turanammo.com\/tr\/wp-content\/uploads\/2022\/01\/cropped-favi.png\",\"width\":512,\"height\":512,\"caption\":\"Turan Ammunition\"},\"image\":{\"@id\":\"https:\/\/turanammo.com\/tr\/#\/schema\/logo\/image\/\"},\"sameAs\":[\"https:\/\/www.facebook.com\/turan.ammoo\",\"https:\/\/www.instagram.com\/turanammo\/\",\"https:\/\/www.youtube.com\/channel\/UCW2x3OIqUq3jGTKw3ZpUW0A\/featured\"]}]}<\/script>\n<!-- \/ Yoast SEO plugin. -->","yoast_head_json":{"title":"Sertifikalar - Turan Ammo","description":"Turan Ammunition firmas\u0131n\u0131n sahip oldu\u011fu belgeler ve sertifikalar \u015funlard\u0131:-Kalite Y\u00f6netim Sistemi Belgesi-ISO 9001:2015 Sertifikas\u0131...\u00a0","robots":{"index":"index","follow":"follow","max-snippet":"max-snippet:-1","max-image-preview":"max-image-preview:large","max-video-preview":"max-video-preview:-1"},"canonical":"https:\/\/turanammo.com\/tr\/sertifikalar\/","og_locale":"tr_TR","og_type":"article","og_title":"Sertifikalar - Turan Ammo","og_description":"Turan Ammunition firmas\u0131n\u0131n sahip oldu\u011fu belgeler ve sertifikalar \u015funlard\u0131:-Kalite Y\u00f6netim Sistemi Belgesi-ISO 9001:2015 Sertifikas\u0131...\u00a0","og_url":"https:\/\/turanammo.com\/tr\/sertifikalar\/","og_site_name":"Turan Ammo","article_publisher":"https:\/\/www.facebook.com\/turan.ammoo","article_modified_time":"2022-03-29T11:43:17+00:00","og_image":[{"url":"http:\/\/turanammo.com\/tr\/wp-content\/uploads\/2022\/03\/sertifika2-216x300.jpeg","type":"","width":"","height":""}],"twitter_card":"summary_large_image","twitter_misc":{"Tahmini okuma s\u00fcresi":"1 dakika"},"schema":{"@context":"https:\/\/schema.org","@graph":[{"@type":"WebPage","@id":"https:\/\/turanammo.com\/tr\/sertifikalar\/","url":"https:\/\/turanammo.com\/tr\/sertifikalar\/","name":"Sertifikalar - Turan Ammo","isPartOf":{"@id":"https:\/\/turanammo.com\/tr\/#website"},"primaryImageOfPage":{"@id":"https:\/\/turanammo.com\/tr\/sertifikalar\/#primaryimage"},"image":{"@id":"https:\/\/turanammo.com\/tr\/sertifikalar\/#primaryimage"},"thumbnailUrl":"http:\/\/turanammo.com\/tr\/wp-content\/uploads\/2022\/03\/sertifika2-216x300.jpeg","datePublished":"2022-01-29T08:21:04+00:00","dateModified":"2022-03-29T11:43:17+00:00","description":"Turan Ammunition firmas\u0131n\u0131n sahip oldu\u011fu belgeler ve sertifikalar \u015funlard\u0131:-Kalite Y\u00f6netim Sistemi Belgesi-ISO 9001:2015 Sertifikas\u0131...\u00a0","breadcrumb":{"@id":"https:\/\/turanammo.com\/tr\/sertifikalar\/#breadcrumb"},"inLanguage":"tr","potentialAction":[{"@type":"ReadAction","target":["https:\/\/turanammo.com\/tr\/sertifikalar\/"]}]},{"@type":"ImageObject","inLanguage":"tr","@id":"https:\/\/turanammo.com\/tr\/sertifikalar\/#primaryimage","url":"http:\/\/turanammo.com\/tr\/wp-content\/uploads\/2022\/03\/sertifika2-216x300.jpeg","contentUrl":"http:\/\/turanammo.com\/tr\/wp-content\/uploads\/2022\/03\/sertifika2-216x300.jpeg"},{"@type":"BreadcrumbList","@id":"https:\/\/turanammo.com\/tr\/sertifikalar\/#breadcrumb","itemListElement":[{"@type":"ListItem","position":1,"name":"Anasayfa","item":"https:\/\/turanammo.com\/tr\/"},{"@type":"ListItem","position":2,"name":"Sertifikalar"}]},{"@type":"WebSite","@id":"https:\/\/turanammo.com\/tr\/#website","url":"https:\/\/turanammo.com\/tr\/","name":"Turan Ammo","description":"","publisher":{"@id":"https:\/\/turanammo.com\/tr\/#organization"},"potentialAction":[{"@type":"SearchAction","target":{"@type":"EntryPoint","urlTemplate":"https:\/\/turanammo.com\/tr\/?s={search_term_string}"},"query-input":{"@type":"PropertyValueSpecification","valueRequired":true,"valueName":"search_term_string"}}],"inLanguage":"tr"},{"@type":"Organization","@id":"https:\/\/turanammo.com\/tr\/#organization","name":"Turan Ammunition","url":"https:\/\/turanammo.com\/tr\/","logo":{"@type":"ImageObject","inLanguage":"tr","@id":"https:\/\/turanammo.com\/tr\/#\/schema\/logo\/image\/","url":"https:\/\/turanammo.com\/tr\/wp-content\/uploads\/2022\/01\/cropped-favi.png","contentUrl":"https:\/\/turanammo.com\/tr\/wp-content\/uploads\/2022\/01\/cropped-favi.png","width":512,"height":512,"caption":"Turan Ammunition"},"image":{"@id":"https:\/\/turanammo.com\/tr\/#\/schema\/logo\/image\/"},"sameAs":["https:\/\/www.facebook.com\/turan.ammoo","https:\/\/www.instagram.com\/turanammo\/","https:\/\/www.youtube.com\/channel\/UCW2x3OIqUq3jGTKw3ZpUW0A\/featured"]}]}},"_links":{"self":[{"href":"https:\/\/turanammo.com\/tr\/wp-json\/wp\/v2\/pages\/1638","targetHints":{"allow":["GET"]}}],"collection":[{"href":"https:\/\/turanammo.com\/tr\/wp-json\/wp\/v2\/pages"}],"about":[{"href":"https:\/\/turanammo.com\/tr\/wp-json\/wp\/v2\/types\/page"}],"author":[{"embeddable":true,"href":"https:\/\/turanammo.com\/tr\/wp-json\/wp\/v2\/users\/1"}],"replies":[{"embeddable":true,"href":"https:\/\/turanammo.com\/tr\/wp-json\/wp\/v2\/comments?post=1638"}],"version-history":[{"count":4,"href":"https:\/\/turanammo.com\/tr\/wp-json\/wp\/v2\/pages\/1638\/revisions"}],"predecessor-version":[{"id":2127,"href":"https:\/\/turanammo.com\/tr\/wp-json\/wp\/v2\/pages\/1638\/revisions\/2127"}],"wp:attachment":[{"href":"https:\/\/turanammo.com\/tr\/wp-json\/wp\/v2\/media?parent=1638"}],"curies":[{"name":"wp","href":"https:\/\/api.w.org\/{rel}","templated":true}]}}