{"id":58,"date":"2021-06-28T12:29:44","date_gmt":"2021-06-28T09:29:44","guid":{"rendered":"http:\/\/turanammo.com\/tr\/?page_id=58"},"modified":"2022-03-29T14:59:27","modified_gmt":"2022-03-29T11:59:27","slug":"medya","status":"publish","type":"page","link":"https:\/\/turanammo.com\/tr\/medya\/","title":{"rendered":"Medya"},"content":{"rendered":"<p>Medya<\/p>\n<p><img loading=\"lazy\" decoding=\"async\" class=\"alignnone size-medium wp-image-1700\" src=\"http:\/\/turanammo.com\/tr\/wp-content\/uploads\/2022\/01\/media3-300x300.jpg\" alt=\"medya\" width=\"300\" height=\"300\" srcset=\"https:\/\/turanammo.com\/tr\/wp-content\/uploads\/2022\/01\/media3-300x300.jpg 300w, https:\/\/turanammo.com\/tr\/wp-content\/uploads\/2022\/01\/media3-1024x1024.jpg 1024w, https:\/\/turanammo.com\/tr\/wp-content\/uploads\/2022\/01\/media3-150x150.jpg 150w, https:\/\/turanammo.com\/tr\/wp-content\/uploads\/2022\/01\/media3-768x768.jpg 768w, https:\/\/turanammo.com\/tr\/wp-content\/uploads\/2022\/01\/media3-105x105.jpg 105w, https:\/\/turanammo.com\/tr\/wp-content\/uploads\/2022\/01\/media3.jpg 1080w\" sizes=\"auto, (max-width: 300px) 100vw, 300px\" \/><\/p>\n<p><a href=\"https:\/\/turanammo.com\/tr\/\">Turan Ammunition<\/a> firmas\u0131n\u0131n \u00fcretmi\u015f oldu\u011fu m\u00fchimmatlar\u0131n\u0131n, i\u015fletmenin ve fuarlar\u0131n <a href=\"https:\/\/turanammo.com\/tr\/medya\/\">resimleri<\/a> bulunmaktad\u0131r. Bunun yan\u0131 s\u0131ra i\u015fletmenin \u00fcretti\u011fi m\u00fchimmat\u0131n t\u00fcfek ve tabanca ile yap\u0131lan test <a href=\"https:\/\/www.multiyazilim.com\/\">at\u0131\u015flar\u0131n\u0131<\/a> i\u00e7ermektedir.<\/p>\n","protected":false},"excerpt":{"rendered":"<p>Medya Turan Ammunition firmas\u0131n\u0131n \u00fcretmi\u015f oldu\u011fu m\u00fchimmatlar\u0131n\u0131n, i\u015fletmenin ve fuarlar\u0131n resimleri bulunmaktad\u0131r. Bunun yan\u0131 s\u0131ra i\u015fletmenin \u00fcretti\u011fi m\u00fchimmat\u0131n t\u00fcfek ve tabanca ile yap\u0131lan test at\u0131\u015flar\u0131n\u0131 i\u00e7ermektedir.<\/p>\n","protected":false},"author":1,"featured_media":0,"parent":0,"menu_order":0,"comment_status":"closed","ping_status":"closed","template":"","meta":{"_acf_changed":false,"footnotes":""},"class_list":["post-58","page","type-page","status-publish","hentry"],"acf":[],"yoast_head":"<!-- This site is optimized with the Yoast SEO plugin v27.1.1 - https:\/\/yoast.com\/product\/yoast-seo-wordpress\/ -->\n<title>Medya - Turan Ammo<\/title>\n<meta name=\"description\" content=\"Medya...Turan Ammunition firmas\u0131n\u0131n \u00fcretmi\u015f oldu\u011fu m\u00fchimmatlar\u0131n resimleri, i\u015fletmenin kendi resimleri ve fuar resimleri bulunmaktad\u0131r...\" \/>\n<meta name=\"robots\" content=\"index, follow, max-snippet:-1, max-image-preview:large, max-video-preview:-1\" \/>\n<link rel=\"canonical\" href=\"https:\/\/turanammo.com\/tr\/medya\/\" \/>\n<meta property=\"og:locale\" content=\"tr_TR\" \/>\n<meta property=\"og:type\" content=\"article\" \/>\n<meta property=\"og:title\" content=\"Medya - Turan Ammo\" \/>\n<meta property=\"og:description\" content=\"Medya...Turan Ammunition firmas\u0131n\u0131n \u00fcretmi\u015f oldu\u011fu m\u00fchimmatlar\u0131n resimleri, i\u015fletmenin kendi resimleri ve fuar resimleri bulunmaktad\u0131r...\" \/>\n<meta property=\"og:url\" content=\"https:\/\/turanammo.com\/tr\/medya\/\" \/>\n<meta property=\"og:site_name\" content=\"Turan Ammo\" \/>\n<meta property=\"article:publisher\" content=\"https:\/\/www.facebook.com\/turan.ammoo\" \/>\n<meta property=\"article:modified_time\" content=\"2022-03-29T11:59:27+00:00\" \/>\n<meta property=\"og:image\" content=\"http:\/\/turanammo.com\/tr\/wp-content\/uploads\/2022\/01\/media3-300x300.jpg\" \/>\n<meta name=\"twitter:card\" content=\"summary_large_image\" \/>\n<meta name=\"twitter:label1\" content=\"Tahmini okuma s\u00fcresi\" \/>\n\t<meta name=\"twitter:data1\" content=\"1 dakika\" \/>\n<script type=\"application\/ld+json\" class=\"yoast-schema-graph\">{\"@context\":\"https:\/\/schema.org\",\"@graph\":[{\"@type\":\"WebPage\",\"@id\":\"https:\/\/turanammo.com\/tr\/medya\/\",\"url\":\"https:\/\/turanammo.com\/tr\/medya\/\",\"name\":\"Medya - Turan Ammo\",\"isPartOf\":{\"@id\":\"https:\/\/turanammo.com\/tr\/#website\"},\"primaryImageOfPage\":{\"@id\":\"https:\/\/turanammo.com\/tr\/medya\/#primaryimage\"},\"image\":{\"@id\":\"https:\/\/turanammo.com\/tr\/medya\/#primaryimage\"},\"thumbnailUrl\":\"http:\/\/turanammo.com\/tr\/wp-content\/uploads\/2022\/01\/media3-300x300.jpg\",\"datePublished\":\"2021-06-28T09:29:44+00:00\",\"dateModified\":\"2022-03-29T11:59:27+00:00\",\"description\":\"Medya...Turan Ammunition firmas\u0131n\u0131n \u00fcretmi\u015f oldu\u011fu m\u00fchimmatlar\u0131n resimleri, i\u015fletmenin kendi resimleri ve fuar resimleri bulunmaktad\u0131r...\",\"breadcrumb\":{\"@id\":\"https:\/\/turanammo.com\/tr\/medya\/#breadcrumb\"},\"inLanguage\":\"tr\",\"potentialAction\":[{\"@type\":\"ReadAction\",\"target\":[\"https:\/\/turanammo.com\/tr\/medya\/\"]}]},{\"@type\":\"ImageObject\",\"inLanguage\":\"tr\",\"@id\":\"https:\/\/turanammo.com\/tr\/medya\/#primaryimage\",\"url\":\"http:\/\/turanammo.com\/tr\/wp-content\/uploads\/2022\/01\/media3-300x300.jpg\",\"contentUrl\":\"http:\/\/turanammo.com\/tr\/wp-content\/uploads\/2022\/01\/media3-300x300.jpg\"},{\"@type\":\"BreadcrumbList\",\"@id\":\"https:\/\/turanammo.com\/tr\/medya\/#breadcrumb\",\"itemListElement\":[{\"@type\":\"ListItem\",\"position\":1,\"name\":\"Anasayfa\",\"item\":\"https:\/\/turanammo.com\/tr\/\"},{\"@type\":\"ListItem\",\"position\":2,\"name\":\"Medya\"}]},{\"@type\":\"WebSite\",\"@id\":\"https:\/\/turanammo.com\/tr\/#website\",\"url\":\"https:\/\/turanammo.com\/tr\/\",\"name\":\"Turan Ammo\",\"description\":\"\",\"publisher\":{\"@id\":\"https:\/\/turanammo.com\/tr\/#organization\"},\"potentialAction\":[{\"@type\":\"SearchAction\",\"target\":{\"@type\":\"EntryPoint\",\"urlTemplate\":\"https:\/\/turanammo.com\/tr\/?s={search_term_string}\"},\"query-input\":{\"@type\":\"PropertyValueSpecification\",\"valueRequired\":true,\"valueName\":\"search_term_string\"}}],\"inLanguage\":\"tr\"},{\"@type\":\"Organization\",\"@id\":\"https:\/\/turanammo.com\/tr\/#organization\",\"name\":\"Turan Ammunition\",\"url\":\"https:\/\/turanammo.com\/tr\/\",\"logo\":{\"@type\":\"ImageObject\",\"inLanguage\":\"tr\",\"@id\":\"https:\/\/turanammo.com\/tr\/#\/schema\/logo\/image\/\",\"url\":\"https:\/\/turanammo.com\/tr\/wp-content\/uploads\/2022\/01\/cropped-favi.png\",\"contentUrl\":\"https:\/\/turanammo.com\/tr\/wp-content\/uploads\/2022\/01\/cropped-favi.png\",\"width\":512,\"height\":512,\"caption\":\"Turan Ammunition\"},\"image\":{\"@id\":\"https:\/\/turanammo.com\/tr\/#\/schema\/logo\/image\/\"},\"sameAs\":[\"https:\/\/www.facebook.com\/turan.ammoo\",\"https:\/\/www.instagram.com\/turanammo\/\",\"https:\/\/www.youtube.com\/channel\/UCW2x3OIqUq3jGTKw3ZpUW0A\/featured\"]}]}<\/script>\n<!-- \/ Yoast SEO plugin. -->","yoast_head_json":{"title":"Medya - Turan Ammo","description":"Medya...Turan Ammunition firmas\u0131n\u0131n \u00fcretmi\u015f oldu\u011fu m\u00fchimmatlar\u0131n resimleri, i\u015fletmenin kendi resimleri ve fuar resimleri bulunmaktad\u0131r...","robots":{"index":"index","follow":"follow","max-snippet":"max-snippet:-1","max-image-preview":"max-image-preview:large","max-video-preview":"max-video-preview:-1"},"canonical":"https:\/\/turanammo.com\/tr\/medya\/","og_locale":"tr_TR","og_type":"article","og_title":"Medya - Turan Ammo","og_description":"Medya...Turan Ammunition firmas\u0131n\u0131n \u00fcretmi\u015f oldu\u011fu m\u00fchimmatlar\u0131n resimleri, i\u015fletmenin kendi resimleri ve fuar resimleri bulunmaktad\u0131r...","og_url":"https:\/\/turanammo.com\/tr\/medya\/","og_site_name":"Turan Ammo","article_publisher":"https:\/\/www.facebook.com\/turan.ammoo","article_modified_time":"2022-03-29T11:59:27+00:00","og_image":[{"url":"http:\/\/turanammo.com\/tr\/wp-content\/uploads\/2022\/01\/media3-300x300.jpg","type":"","width":"","height":""}],"twitter_card":"summary_large_image","twitter_misc":{"Tahmini okuma s\u00fcresi":"1 dakika"},"schema":{"@context":"https:\/\/schema.org","@graph":[{"@type":"WebPage","@id":"https:\/\/turanammo.com\/tr\/medya\/","url":"https:\/\/turanammo.com\/tr\/medya\/","name":"Medya - Turan Ammo","isPartOf":{"@id":"https:\/\/turanammo.com\/tr\/#website"},"primaryImageOfPage":{"@id":"https:\/\/turanammo.com\/tr\/medya\/#primaryimage"},"image":{"@id":"https:\/\/turanammo.com\/tr\/medya\/#primaryimage"},"thumbnailUrl":"http:\/\/turanammo.com\/tr\/wp-content\/uploads\/2022\/01\/media3-300x300.jpg","datePublished":"2021-06-28T09:29:44+00:00","dateModified":"2022-03-29T11:59:27+00:00","description":"Medya...Turan Ammunition firmas\u0131n\u0131n \u00fcretmi\u015f oldu\u011fu m\u00fchimmatlar\u0131n resimleri, i\u015fletmenin kendi resimleri ve fuar resimleri bulunmaktad\u0131r...","breadcrumb":{"@id":"https:\/\/turanammo.com\/tr\/medya\/#breadcrumb"},"inLanguage":"tr","potentialAction":[{"@type":"ReadAction","target":["https:\/\/turanammo.com\/tr\/medya\/"]}]},{"@type":"ImageObject","inLanguage":"tr","@id":"https:\/\/turanammo.com\/tr\/medya\/#primaryimage","url":"http:\/\/turanammo.com\/tr\/wp-content\/uploads\/2022\/01\/media3-300x300.jpg","contentUrl":"http:\/\/turanammo.com\/tr\/wp-content\/uploads\/2022\/01\/media3-300x300.jpg"},{"@type":"BreadcrumbList","@id":"https:\/\/turanammo.com\/tr\/medya\/#breadcrumb","itemListElement":[{"@type":"ListItem","position":1,"name":"Anasayfa","item":"https:\/\/turanammo.com\/tr\/"},{"@type":"ListItem","position":2,"name":"Medya"}]},{"@type":"WebSite","@id":"https:\/\/turanammo.com\/tr\/#website","url":"https:\/\/turanammo.com\/tr\/","name":"Turan Ammo","description":"","publisher":{"@id":"https:\/\/turanammo.com\/tr\/#organization"},"potentialAction":[{"@type":"SearchAction","target":{"@type":"EntryPoint","urlTemplate":"https:\/\/turanammo.com\/tr\/?s={search_term_string}"},"query-input":{"@type":"PropertyValueSpecification","valueRequired":true,"valueName":"search_term_string"}}],"inLanguage":"tr"},{"@type":"Organization","@id":"https:\/\/turanammo.com\/tr\/#organization","name":"Turan Ammunition","url":"https:\/\/turanammo.com\/tr\/","logo":{"@type":"ImageObject","inLanguage":"tr","@id":"https:\/\/turanammo.com\/tr\/#\/schema\/logo\/image\/","url":"https:\/\/turanammo.com\/tr\/wp-content\/uploads\/2022\/01\/cropped-favi.png","contentUrl":"https:\/\/turanammo.com\/tr\/wp-content\/uploads\/2022\/01\/cropped-favi.png","width":512,"height":512,"caption":"Turan Ammunition"},"image":{"@id":"https:\/\/turanammo.com\/tr\/#\/schema\/logo\/image\/"},"sameAs":["https:\/\/www.facebook.com\/turan.ammoo","https:\/\/www.instagram.com\/turanammo\/","https:\/\/www.youtube.com\/channel\/UCW2x3OIqUq3jGTKw3ZpUW0A\/featured"]}]}},"_links":{"self":[{"href":"https:\/\/turanammo.com\/tr\/wp-json\/wp\/v2\/pages\/58","targetHints":{"allow":["GET"]}}],"collection":[{"href":"https:\/\/turanammo.com\/tr\/wp-json\/wp\/v2\/pages"}],"about":[{"href":"https:\/\/turanammo.com\/tr\/wp-json\/wp\/v2\/types\/page"}],"author":[{"embeddable":true,"href":"https:\/\/turanammo.com\/tr\/wp-json\/wp\/v2\/users\/1"}],"replies":[{"embeddable":true,"href":"https:\/\/turanammo.com\/tr\/wp-json\/wp\/v2\/comments?post=58"}],"version-history":[{"count":9,"href":"https:\/\/turanammo.com\/tr\/wp-json\/wp\/v2\/pages\/58\/revisions"}],"predecessor-version":[{"id":2132,"href":"https:\/\/turanammo.com\/tr\/wp-json\/wp\/v2\/pages\/58\/revisions\/2132"}],"wp:attachment":[{"href":"https:\/\/turanammo.com\/tr\/wp-json\/wp\/v2\/media?parent=58"}],"curies":[{"name":"wp","href":"https:\/\/api.w.org\/{rel}","templated":true}]}}