{"id":62,"date":"2021-06-28T12:30:21","date_gmt":"2021-06-28T09:30:21","guid":{"rendered":"http:\/\/turanammo.com\/tr\/?page_id=62"},"modified":"2022-03-29T15:06:59","modified_gmt":"2022-03-29T12:06:59","slug":"urunler","status":"publish","type":"page","link":"https:\/\/turanammo.com\/tr\/urunler\/","title":{"rendered":"\u00dcr\u00fcnler"},"content":{"rendered":"<p>\u00dcr\u00fcnler<\/p>\n<p><img loading=\"lazy\" decoding=\"async\" class=\"alignnone size-medium wp-image-1643\" src=\"http:\/\/turanammo.com\/tr\/wp-content\/uploads\/2022\/01\/turan-ammo-mermileri-300x200.jpg\" alt=\"\u00fcr\u00fcnler\" width=\"300\" height=\"200\" srcset=\"https:\/\/turanammo.com\/tr\/wp-content\/uploads\/2022\/01\/turan-ammo-mermileri-300x200.jpg 300w, https:\/\/turanammo.com\/tr\/wp-content\/uploads\/2022\/01\/turan-ammo-mermileri-1024x684.jpg 1024w, https:\/\/turanammo.com\/tr\/wp-content\/uploads\/2022\/01\/turan-ammo-mermileri-768x513.jpg 768w, https:\/\/turanammo.com\/tr\/wp-content\/uploads\/2022\/01\/turan-ammo-mermileri-1536x1026.jpg 1536w, https:\/\/turanammo.com\/tr\/wp-content\/uploads\/2022\/01\/turan-ammo-mermileri-157x105.jpg 157w, https:\/\/turanammo.com\/tr\/wp-content\/uploads\/2022\/01\/turan-ammo-mermileri.jpg 1919w\" sizes=\"auto, (max-width: 300px) 100vw, 300px\" \/><\/p>\n<p>Turan Ammunition taraf\u0131ndan \u00fcretilen m\u00fchimmatlar \u00fc\u00e7 ayr\u0131 kategoriye ayr\u0131lmaktad\u0131r.<\/p>\n<p><a href=\"https:\/\/turanammo.com\/tr\/centerfire-tabanca-muhimmati\/\">Tabanca m\u00fchimmat<\/a><\/p>\n<p><a href=\"https:\/\/turanammo.com\/tr\/centerfire-tufek-muhimmati\/\">T\u00fcfek m\u00fchimmat<\/a><\/p>\n<p><a href=\"https:\/\/turanammo.com\/tr\/centerfire-kurusiki-muhimmati\/\">Kuru s\u0131k\u0131 m\u00fchimmat&#8217;d\u0131r.<\/a><\/p>\n<p>Tabanca m\u00fchimmat\u0131 9x19mm olup, baz\u0131 fi\u015fekleri NATO standartlar\u0131yla \u00fcretilmektedir. \u00dcr\u00fcnlerin ortalama a\u011f\u0131rl\u0131\u011f\u0131 115-124 grain aras\u0131nda de\u011fi\u015fmektedir.<\/p>\n<p>T\u00fcfekler m\u00fchimmat\u0131nda; 5.56x45mm,7.62x51mm, .308 ve .223 serileri bulunmaktad\u0131r.<\/p>\n<p>Kuru s\u0131k\u0131 m\u00fchimmat\u0131 ise ses mermisi ad\u0131 verilen 9x19mm kurus\u0131k\u0131 <a href=\"https:\/\/www.multiyazilim.com\/\">bulunmaktad\u0131r<\/a>.<\/p>\n","protected":false},"excerpt":{"rendered":"<p>\u00dcr\u00fcnler Turan Ammunition taraf\u0131ndan \u00fcretilen m\u00fchimmatlar \u00fc\u00e7 ayr\u0131 kategoriye ayr\u0131lmaktad\u0131r. Tabanca m\u00fchimmat T\u00fcfek m\u00fchimmat Kuru s\u0131k\u0131 m\u00fchimmat&#8217;d\u0131r. Tabanca m\u00fchimmat\u0131 9x19mm olup, baz\u0131 fi\u015fekleri NATO standartlar\u0131yla \u00fcretilmektedir. \u00dcr\u00fcnlerin ortalama a\u011f\u0131rl\u0131\u011f\u0131 115-124 grain aras\u0131nda de\u011fi\u015fmektedir. T\u00fcfekler m\u00fchimmat\u0131nda; 5.56x45mm,7.62x51mm, .308 ve .223 serileri bulunmaktad\u0131r. Kuru s\u0131k\u0131 m\u00fchimmat\u0131 ise ses mermisi ad\u0131 verilen 9x19mm kurus\u0131k\u0131 bulunmaktad\u0131r.<\/p>\n","protected":false},"author":1,"featured_media":0,"parent":0,"menu_order":0,"comment_status":"closed","ping_status":"closed","template":"","meta":{"_acf_changed":false,"footnotes":""},"class_list":["post-62","page","type-page","status-publish","hentry"],"acf":[],"yoast_head":"<!-- This site is optimized with the Yoast SEO plugin v27.1.1 - https:\/\/yoast.com\/product\/yoast-seo-wordpress\/ -->\n<title>\u00dcr\u00fcnler - Turan Ammo<\/title>\n<meta name=\"description\" content=\"Turan Ammunition taraf\u0131ndan \u00fcretilen \u00fcr\u00fcnler \u00fc\u00e7 ayr\u0131 kategoriye ayr\u0131lmaktad\u0131r. Tabanca m\u00fchimmat T\u00fcfek m\u00fchimmat Kuru s\u0131k\u0131 m\u00fchimmat&#039;d\u0131r. ...\" \/>\n<meta name=\"robots\" content=\"index, follow, max-snippet:-1, max-image-preview:large, max-video-preview:-1\" \/>\n<link rel=\"canonical\" href=\"https:\/\/turanammo.com\/tr\/urunler\/\" \/>\n<meta property=\"og:locale\" content=\"tr_TR\" \/>\n<meta property=\"og:type\" content=\"article\" \/>\n<meta property=\"og:title\" content=\"\u00dcr\u00fcnler - Turan Ammo\" \/>\n<meta property=\"og:description\" content=\"Turan Ammunition taraf\u0131ndan \u00fcretilen \u00fcr\u00fcnler \u00fc\u00e7 ayr\u0131 kategoriye ayr\u0131lmaktad\u0131r. Tabanca m\u00fchimmat T\u00fcfek m\u00fchimmat Kuru s\u0131k\u0131 m\u00fchimmat&#039;d\u0131r. ...\" \/>\n<meta property=\"og:url\" content=\"https:\/\/turanammo.com\/tr\/urunler\/\" \/>\n<meta property=\"og:site_name\" content=\"Turan Ammo\" \/>\n<meta property=\"article:publisher\" content=\"https:\/\/www.facebook.com\/turan.ammoo\" \/>\n<meta property=\"article:modified_time\" content=\"2022-03-29T12:06:59+00:00\" \/>\n<meta property=\"og:image\" content=\"http:\/\/turanammo.com\/tr\/wp-content\/uploads\/2022\/01\/turan-ammo-mermileri-300x200.jpg\" \/>\n<meta name=\"twitter:card\" content=\"summary_large_image\" \/>\n<meta name=\"twitter:label1\" content=\"Tahmini okuma s\u00fcresi\" \/>\n\t<meta name=\"twitter:data1\" content=\"1 dakika\" \/>\n<script type=\"application\/ld+json\" class=\"yoast-schema-graph\">{\"@context\":\"https:\/\/schema.org\",\"@graph\":[{\"@type\":\"WebPage\",\"@id\":\"https:\/\/turanammo.com\/tr\/urunler\/\",\"url\":\"https:\/\/turanammo.com\/tr\/urunler\/\",\"name\":\"\u00dcr\u00fcnler - Turan Ammo\",\"isPartOf\":{\"@id\":\"https:\/\/turanammo.com\/tr\/#website\"},\"primaryImageOfPage\":{\"@id\":\"https:\/\/turanammo.com\/tr\/urunler\/#primaryimage\"},\"image\":{\"@id\":\"https:\/\/turanammo.com\/tr\/urunler\/#primaryimage\"},\"thumbnailUrl\":\"http:\/\/turanammo.com\/tr\/wp-content\/uploads\/2022\/01\/turan-ammo-mermileri-300x200.jpg\",\"datePublished\":\"2021-06-28T09:30:21+00:00\",\"dateModified\":\"2022-03-29T12:06:59+00:00\",\"description\":\"Turan Ammunition taraf\u0131ndan \u00fcretilen \u00fcr\u00fcnler \u00fc\u00e7 ayr\u0131 kategoriye ayr\u0131lmaktad\u0131r. Tabanca m\u00fchimmat T\u00fcfek m\u00fchimmat Kuru s\u0131k\u0131 m\u00fchimmat'd\u0131r. ...\",\"breadcrumb\":{\"@id\":\"https:\/\/turanammo.com\/tr\/urunler\/#breadcrumb\"},\"inLanguage\":\"tr\",\"potentialAction\":[{\"@type\":\"ReadAction\",\"target\":[\"https:\/\/turanammo.com\/tr\/urunler\/\"]}]},{\"@type\":\"ImageObject\",\"inLanguage\":\"tr\",\"@id\":\"https:\/\/turanammo.com\/tr\/urunler\/#primaryimage\",\"url\":\"http:\/\/turanammo.com\/tr\/wp-content\/uploads\/2022\/01\/turan-ammo-mermileri-300x200.jpg\",\"contentUrl\":\"http:\/\/turanammo.com\/tr\/wp-content\/uploads\/2022\/01\/turan-ammo-mermileri-300x200.jpg\"},{\"@type\":\"BreadcrumbList\",\"@id\":\"https:\/\/turanammo.com\/tr\/urunler\/#breadcrumb\",\"itemListElement\":[{\"@type\":\"ListItem\",\"position\":1,\"name\":\"Anasayfa\",\"item\":\"https:\/\/turanammo.com\/tr\/\"},{\"@type\":\"ListItem\",\"position\":2,\"name\":\"\u00dcr\u00fcnler\"}]},{\"@type\":\"WebSite\",\"@id\":\"https:\/\/turanammo.com\/tr\/#website\",\"url\":\"https:\/\/turanammo.com\/tr\/\",\"name\":\"Turan Ammo\",\"description\":\"\",\"publisher\":{\"@id\":\"https:\/\/turanammo.com\/tr\/#organization\"},\"potentialAction\":[{\"@type\":\"SearchAction\",\"target\":{\"@type\":\"EntryPoint\",\"urlTemplate\":\"https:\/\/turanammo.com\/tr\/?s={search_term_string}\"},\"query-input\":{\"@type\":\"PropertyValueSpecification\",\"valueRequired\":true,\"valueName\":\"search_term_string\"}}],\"inLanguage\":\"tr\"},{\"@type\":\"Organization\",\"@id\":\"https:\/\/turanammo.com\/tr\/#organization\",\"name\":\"Turan Ammunition\",\"url\":\"https:\/\/turanammo.com\/tr\/\",\"logo\":{\"@type\":\"ImageObject\",\"inLanguage\":\"tr\",\"@id\":\"https:\/\/turanammo.com\/tr\/#\/schema\/logo\/image\/\",\"url\":\"https:\/\/turanammo.com\/tr\/wp-content\/uploads\/2022\/01\/cropped-favi.png\",\"contentUrl\":\"https:\/\/turanammo.com\/tr\/wp-content\/uploads\/2022\/01\/cropped-favi.png\",\"width\":512,\"height\":512,\"caption\":\"Turan Ammunition\"},\"image\":{\"@id\":\"https:\/\/turanammo.com\/tr\/#\/schema\/logo\/image\/\"},\"sameAs\":[\"https:\/\/www.facebook.com\/turan.ammoo\",\"https:\/\/www.instagram.com\/turanammo\/\",\"https:\/\/www.youtube.com\/channel\/UCW2x3OIqUq3jGTKw3ZpUW0A\/featured\"]}]}<\/script>\n<!-- \/ Yoast SEO plugin. -->","yoast_head_json":{"title":"\u00dcr\u00fcnler - Turan Ammo","description":"Turan Ammunition taraf\u0131ndan \u00fcretilen \u00fcr\u00fcnler \u00fc\u00e7 ayr\u0131 kategoriye ayr\u0131lmaktad\u0131r. Tabanca m\u00fchimmat T\u00fcfek m\u00fchimmat Kuru s\u0131k\u0131 m\u00fchimmat'd\u0131r. ...","robots":{"index":"index","follow":"follow","max-snippet":"max-snippet:-1","max-image-preview":"max-image-preview:large","max-video-preview":"max-video-preview:-1"},"canonical":"https:\/\/turanammo.com\/tr\/urunler\/","og_locale":"tr_TR","og_type":"article","og_title":"\u00dcr\u00fcnler - Turan Ammo","og_description":"Turan Ammunition taraf\u0131ndan \u00fcretilen \u00fcr\u00fcnler \u00fc\u00e7 ayr\u0131 kategoriye ayr\u0131lmaktad\u0131r. Tabanca m\u00fchimmat T\u00fcfek m\u00fchimmat Kuru s\u0131k\u0131 m\u00fchimmat'd\u0131r. ...","og_url":"https:\/\/turanammo.com\/tr\/urunler\/","og_site_name":"Turan Ammo","article_publisher":"https:\/\/www.facebook.com\/turan.ammoo","article_modified_time":"2022-03-29T12:06:59+00:00","og_image":[{"url":"http:\/\/turanammo.com\/tr\/wp-content\/uploads\/2022\/01\/turan-ammo-mermileri-300x200.jpg","type":"","width":"","height":""}],"twitter_card":"summary_large_image","twitter_misc":{"Tahmini okuma s\u00fcresi":"1 dakika"},"schema":{"@context":"https:\/\/schema.org","@graph":[{"@type":"WebPage","@id":"https:\/\/turanammo.com\/tr\/urunler\/","url":"https:\/\/turanammo.com\/tr\/urunler\/","name":"\u00dcr\u00fcnler - Turan Ammo","isPartOf":{"@id":"https:\/\/turanammo.com\/tr\/#website"},"primaryImageOfPage":{"@id":"https:\/\/turanammo.com\/tr\/urunler\/#primaryimage"},"image":{"@id":"https:\/\/turanammo.com\/tr\/urunler\/#primaryimage"},"thumbnailUrl":"http:\/\/turanammo.com\/tr\/wp-content\/uploads\/2022\/01\/turan-ammo-mermileri-300x200.jpg","datePublished":"2021-06-28T09:30:21+00:00","dateModified":"2022-03-29T12:06:59+00:00","description":"Turan Ammunition taraf\u0131ndan \u00fcretilen \u00fcr\u00fcnler \u00fc\u00e7 ayr\u0131 kategoriye ayr\u0131lmaktad\u0131r. Tabanca m\u00fchimmat T\u00fcfek m\u00fchimmat Kuru s\u0131k\u0131 m\u00fchimmat'd\u0131r. ...","breadcrumb":{"@id":"https:\/\/turanammo.com\/tr\/urunler\/#breadcrumb"},"inLanguage":"tr","potentialAction":[{"@type":"ReadAction","target":["https:\/\/turanammo.com\/tr\/urunler\/"]}]},{"@type":"ImageObject","inLanguage":"tr","@id":"https:\/\/turanammo.com\/tr\/urunler\/#primaryimage","url":"http:\/\/turanammo.com\/tr\/wp-content\/uploads\/2022\/01\/turan-ammo-mermileri-300x200.jpg","contentUrl":"http:\/\/turanammo.com\/tr\/wp-content\/uploads\/2022\/01\/turan-ammo-mermileri-300x200.jpg"},{"@type":"BreadcrumbList","@id":"https:\/\/turanammo.com\/tr\/urunler\/#breadcrumb","itemListElement":[{"@type":"ListItem","position":1,"name":"Anasayfa","item":"https:\/\/turanammo.com\/tr\/"},{"@type":"ListItem","position":2,"name":"\u00dcr\u00fcnler"}]},{"@type":"WebSite","@id":"https:\/\/turanammo.com\/tr\/#website","url":"https:\/\/turanammo.com\/tr\/","name":"Turan Ammo","description":"","publisher":{"@id":"https:\/\/turanammo.com\/tr\/#organization"},"potentialAction":[{"@type":"SearchAction","target":{"@type":"EntryPoint","urlTemplate":"https:\/\/turanammo.com\/tr\/?s={search_term_string}"},"query-input":{"@type":"PropertyValueSpecification","valueRequired":true,"valueName":"search_term_string"}}],"inLanguage":"tr"},{"@type":"Organization","@id":"https:\/\/turanammo.com\/tr\/#organization","name":"Turan Ammunition","url":"https:\/\/turanammo.com\/tr\/","logo":{"@type":"ImageObject","inLanguage":"tr","@id":"https:\/\/turanammo.com\/tr\/#\/schema\/logo\/image\/","url":"https:\/\/turanammo.com\/tr\/wp-content\/uploads\/2022\/01\/cropped-favi.png","contentUrl":"https:\/\/turanammo.com\/tr\/wp-content\/uploads\/2022\/01\/cropped-favi.png","width":512,"height":512,"caption":"Turan Ammunition"},"image":{"@id":"https:\/\/turanammo.com\/tr\/#\/schema\/logo\/image\/"},"sameAs":["https:\/\/www.facebook.com\/turan.ammoo","https:\/\/www.instagram.com\/turanammo\/","https:\/\/www.youtube.com\/channel\/UCW2x3OIqUq3jGTKw3ZpUW0A\/featured"]}]}},"_links":{"self":[{"href":"https:\/\/turanammo.com\/tr\/wp-json\/wp\/v2\/pages\/62","targetHints":{"allow":["GET"]}}],"collection":[{"href":"https:\/\/turanammo.com\/tr\/wp-json\/wp\/v2\/pages"}],"about":[{"href":"https:\/\/turanammo.com\/tr\/wp-json\/wp\/v2\/types\/page"}],"author":[{"embeddable":true,"href":"https:\/\/turanammo.com\/tr\/wp-json\/wp\/v2\/users\/1"}],"replies":[{"embeddable":true,"href":"https:\/\/turanammo.com\/tr\/wp-json\/wp\/v2\/comments?post=62"}],"version-history":[{"count":3,"href":"https:\/\/turanammo.com\/tr\/wp-json\/wp\/v2\/pages\/62\/revisions"}],"predecessor-version":[{"id":2133,"href":"https:\/\/turanammo.com\/tr\/wp-json\/wp\/v2\/pages\/62\/revisions\/2133"}],"wp:attachment":[{"href":"https:\/\/turanammo.com\/tr\/wp-json\/wp\/v2\/media?parent=62"}],"curies":[{"name":"wp","href":"https:\/\/api.w.org\/{rel}","templated":true}]}}